{"id":302,"date":"2016-02-15T16:40:52","date_gmt":"2016-02-15T16:40:52","guid":{"rendered":"http:\/\/gloriatheme.com\/demo\/wp\/perada\/?page_id=302"},"modified":"2018-04-08T17:41:36","modified_gmt":"2018-04-08T17:41:36","slug":"about-us-compact","status":"publish","type":"page","link":"https:\/\/tlumaczymyonline.pl\/?page_id=302","title":{"rendered":"O nas"},"content":{"rendered":"<p>[vc_row el_class=&#8221;container&#8221; css=&#8221;.vc_custom_1455629321974{padding-right: 0px !important;padding-left: 0px !important;}&#8221;][vc_column][vc_column_text]<\/p>\n<h2>Dlaczego my?<\/h2>\n<p>Wiele przedsi\u0119biorstw niesie na swoich sztandarach has\u0142a &#8222;profesjonalizmu&#8221;, &#8222;doskona\u0142ej jako\u015bci&#8221;, &#8222;szybkiej, bezproblemowej realizacji&#8221;. Jak zdecydowa\u0107 si\u0119 na w\u0142a\u015bciw\u0105 firm\u0119, kt\u00f3ra spe\u0142ni Pa\u0144stwa oczekiwania dotycz\u0105ce przek\u0142adu?[\/vc_column_text][\/vc_column][\/vc_row][vc_row content_placement=&#8221;bottom&#8221; css=&#8221;.vc_custom_1461061449736{margin-top: 25px !important;margin-bottom: 0px !important;padding-right: 0px !important;padding-left: 0px !important;}&#8221; el_class=&#8221;container&#8221;][vc_column width=&#8221;1\/3&#8243;][vc_single_image image=&#8221;318&#8243; img_size=&#8221;full&#8221; css=&#8221;.vc_custom_1455895529042{margin-bottom: 15px !important;margin-left: -35px !important;}&#8221;][\/vc_column][vc_column width=&#8221;2\/3&#8243; css=&#8221;.vc_custom_1461062190906{padding-bottom: 7px !important;}&#8221;][vc_row_inner][vc_column_inner width=&#8221;1\/2&#8243; css=&#8221;.vc_custom_1455620545994{margin-bottom: 50px !important;}&#8221;]<div class=\"services-box services-box-small \"><div class=\"services-box-icon\"><i class=\"fa fa-bookmark-o\"><\/i><\/div><div class=\"services-box-texts\"><h3>Profesjonalizm<\/h3><p>Profesjonalizm to kontakt w ka\u017cdej chwili, proste procedury rozwi\u0105zywania problem\u00f3w i rozpatrywania reklamacji. Spe\u0142nienie podstawowej obietnicy: jeste\u015bmy tu dla Pa\u0144stwa i jej faktyczne wcielenie w \u017cycie.<\/p><\/div><\/div>[\/vc_column_inner][vc_column_inner width=&#8221;1\/2&#8243; css=&#8221;.vc_custom_1461062165401{margin-bottom: 50px !important;}&#8221;]<div class=\"services-box services-box-small \"><div class=\"services-box-icon\"><i class=\"fa fa-check-square-o\"><\/i><\/div><div class=\"services-box-texts\"><h3>Elastyczno\u015b\u0107<\/h3><p>Elastycznie wychodzmy Pa\u0144stwu naprzeciw. Jeste\u015bmy w stanie spe\u0142ni\u0107 wi\u0119kszo\u015b\u0107 oczekiwa\u0144 klient\u00f3w odno\u015bnie formatu wsp\u00f3\u0142pracy i rodzaju zlece\u0144. Odpowiadamy na wszelkie zapytania.<\/p><\/div><\/div>[\/vc_column_inner][\/vc_row_inner][vc_row_inner][vc_column_inner width=&#8221;1\/2&#8243; css=&#8221;.vc_custom_1461062195763{margin-bottom: 50px !important;}&#8221;]<div class=\"services-box services-box-small \"><div class=\"services-box-icon\"><i class=\"fa fa-hand-pointer-o\"><\/i><\/div><div class=\"services-box-texts\"><h3>Dobry zesp\u00f3\u0142<\/h3><p>Dobry zesp\u00f3\u0142 spe\u0142nia proste kryteria. Jest osi\u0105galny, gotowy do wys\u0142uchania klienta i zdolny do realizacji jego potrzeb. Je\u015bli takiego zespo\u0142u Pa\u0144stwo poszukuj\u0105- trafili Pa\u0144stwo pod w\u0142a\u015bciwy adres. Tempo odpowiedzi na zapytanie zaskoczy niejednego- o ka\u017cdej porze.<\/p><\/div><\/div>[\/vc_column_inner][vc_column_inner width=&#8221;1\/2&#8243; css=&#8221;.vc_custom_1461062200633{margin-bottom: 50px !important;}&#8221;]<div class=\"services-box services-box-small \"><div class=\"services-box-icon\"><i class=\"fa fa-paper-plane-o\"><\/i><\/div><div class=\"services-box-texts\"><h3>Oszcz\u0119dno\u015b\u0107 czasu<\/h3><p>To dzi\u0119ki nam zaoszcz\u0119dz\u0105 Pa\u0144stwo cenny czas. Wszystko w jednym miejscu. Wszystkie us\u0142ugi pod jednym dachem. Dzi\u0119ki temu mog\u0105 Pa\u0144stwo po\u015bwi\u0119ci\u0107 si\u0119 swoim w\u0142asnym zadaniom. Reszt\u0119 mo\u017cna zostawi\u0107 nam.<\/p><\/div><\/div>[\/vc_column_inner][\/vc_row_inner][\/vc_column][\/vc_row][vc_row el_class=&#8221;container&#8221; css=&#8221;.vc_custom_1461062406192{padding-right: 0px !important;padding-bottom: 0px !important;padding-left: 0px !important;}&#8221;][vc_column width=&#8221;1\/3&#8243; offset=&#8221;vc_hidden-xs&#8221; css=&#8221;.vc_custom_1461062421944{padding-bottom: 10px !important;}&#8221;][vc_single_image image=&#8221;364&#8243; img_size=&#8221;full&#8221; css=&#8221;.vc_custom_1455631479943{margin-top: 25px !important;margin-left: -60px !important;}&#8221;][\/vc_column][vc_column width=&#8221;2\/3&#8243; css=&#8221;.vc_custom_1461062559820{padding-bottom: 10px !important;}&#8221;][vc_row_inner css=&#8221;.vc_custom_1461062062516{margin-top: 63px !important;}&#8221;][vc_column_inner el_class=&#8221;mobile-no-margin&#8221; width=&#8221;1\/2&#8243; css=&#8221;.vc_custom_1461062489861{margin-bottom: 46px !important;}&#8221;]<div class=\"perada-progress-bar progressv2\"><div class=\"percent\" style=\"color:#6d6e71;\"><span>%<\/span><label class=\"counter-261055732\">98<\/label><\/div><div class=\"progress-content\"><div class=\"title\" style=\"color:#6d6e71;\">Liczba zadowolonych klient\u00f3w<\/div><div id=\"progress-wrap-261055732\" class=\"progress-wrap progress\" data-progress-percent=\"98\">\r\n\t\t\t\t\t\t\t\t\t\t<div id=\"progress-bar-261055732\" class=\"progress-bar progress\" style=\"background-color:#e4e4e4;\" style=\"left: 0;\"><\/div>\r\n\t\t\t\t\t\t\t\t\t<\/div><\/div><\/div><script>\t\t\t\t\t\t\t\r\n\t\t\t\t\t\t\tjQuery(document).ready(function($){\t\t\t\t\t\t\r\n\t\t\t\t\t\t\t\tvar progressBar = function() {\r\n\t\t\t\t\t\t\t\t\tvar percent = $('#progress-wrap-261055732').attr('data-progress-percent');\r\n\t\t\t\t\t\t\t\t\t$('#progress-bar-261055732').animate({\r\n\t\t\t\t\t\t\t\t\t\tleft: percent + '%'\r\n\t\t\t\t\t\t\t\t\t}, 3500);\r\n\t\t\t\t\t\t\t\t}\r\n\t\t\t\t\t\t\t\t$('#progress-bar-261055732').waypoint(progressBar, { offset: '100%', triggerOnce: true });\r\n\r\n\t\t\t\t\t\t\t\t$('.counter-261055732').counterUp({\r\n\t\t\t\t\t\t\t\t\tdelay: 10,\r\n\t\t\t\t\t\t\t\t\ttime: 2500\r\n\t\t\t\t\t\t\t\t});\r\n\t\t\t\t\t\t\t});\r\n\t\t\t\t\t\t<\/script>[\/vc_column_inner][vc_column_inner el_class=&#8221;mobile-no-margin&#8221; width=&#8221;1\/2&#8243; css=&#8221;.vc_custom_1461062498267{margin-bottom: 46px !important;}&#8221;]<div class=\"perada-progress-bar progressv2\"><div class=\"percent\" style=\"color:#6d6e71;\"><span>%<\/span><label class=\"counter-4564293050\">50<\/label><\/div><div class=\"progress-content\"><div class=\"title\" style=\"color:#6d6e71;\">Wzrost roczny liczby klient\u00f3w<\/div><div id=\"progress-wrap-4564293050\" class=\"progress-wrap progress\" data-progress-percent=\"50\">\r\n\t\t\t\t\t\t\t\t\t\t<div id=\"progress-bar-4564293050\" class=\"progress-bar progress\" style=\"background-color:#e4e4e4;\" style=\"left: 0;\"><\/div>\r\n\t\t\t\t\t\t\t\t\t<\/div><\/div><\/div><script>\t\t\t\t\t\t\t\r\n\t\t\t\t\t\t\tjQuery(document).ready(function($){\t\t\t\t\t\t\r\n\t\t\t\t\t\t\t\tvar progressBar = function() {\r\n\t\t\t\t\t\t\t\t\tvar percent = $('#progress-wrap-4564293050').attr('data-progress-percent');\r\n\t\t\t\t\t\t\t\t\t$('#progress-bar-4564293050').animate({\r\n\t\t\t\t\t\t\t\t\t\tleft: percent + '%'\r\n\t\t\t\t\t\t\t\t\t}, 3500);\r\n\t\t\t\t\t\t\t\t}\r\n\t\t\t\t\t\t\t\t$('#progress-bar-4564293050').waypoint(progressBar, { offset: '100%', triggerOnce: true });\r\n\r\n\t\t\t\t\t\t\t\t$('.counter-4564293050').counterUp({\r\n\t\t\t\t\t\t\t\t\tdelay: 10,\r\n\t\t\t\t\t\t\t\t\ttime: 2500\r\n\t\t\t\t\t\t\t\t});\r\n\t\t\t\t\t\t\t});\r\n\t\t\t\t\t\t<\/script>[\/vc_column_inner][\/vc_row_inner][vc_row_inner][vc_column_inner el_class=&#8221;mobile-no-margin&#8221; width=&#8221;1\/2&#8243; css=&#8221;.vc_custom_1461062540402{margin-bottom: 46px !important;}&#8221;]<div class=\"perada-progress-bar progressv2\"><div class=\"percent\" style=\"color:#6d6e71;\"><span>%<\/span><label class=\"counter-598396293\">99<\/label><\/div><div class=\"progress-content\"><div class=\"title\" style=\"color:#6d6e71;\">Projekty zrealizowane terminowo<\/div><div id=\"progress-wrap-598396293\" class=\"progress-wrap progress\" data-progress-percent=\"99\">\r\n\t\t\t\t\t\t\t\t\t\t<div id=\"progress-bar-598396293\" class=\"progress-bar progress\" style=\"background-color:#e4e4e4;\" style=\"left: 0;\"><\/div>\r\n\t\t\t\t\t\t\t\t\t<\/div><\/div><\/div><script>\t\t\t\t\t\t\t\r\n\t\t\t\t\t\t\tjQuery(document).ready(function($){\t\t\t\t\t\t\r\n\t\t\t\t\t\t\t\tvar progressBar = function() {\r\n\t\t\t\t\t\t\t\t\tvar percent = $('#progress-wrap-598396293').attr('data-progress-percent');\r\n\t\t\t\t\t\t\t\t\t$('#progress-bar-598396293').animate({\r\n\t\t\t\t\t\t\t\t\t\tleft: percent + '%'\r\n\t\t\t\t\t\t\t\t\t}, 3500);\r\n\t\t\t\t\t\t\t\t}\r\n\t\t\t\t\t\t\t\t$('#progress-bar-598396293').waypoint(progressBar, { offset: '100%', triggerOnce: true });\r\n\r\n\t\t\t\t\t\t\t\t$('.counter-598396293').counterUp({\r\n\t\t\t\t\t\t\t\t\tdelay: 10,\r\n\t\t\t\t\t\t\t\t\ttime: 2500\r\n\t\t\t\t\t\t\t\t});\r\n\t\t\t\t\t\t\t});\r\n\t\t\t\t\t\t<\/script>[\/vc_column_inner][vc_column_inner el_class=&#8221;mobile-no-margin&#8221; width=&#8221;1\/2&#8243; css=&#8221;.vc_custom_1461062547108{margin-bottom: 46px !important;}&#8221;]<div class=\"perada-progress-bar progressv2\"><div class=\"percent\" style=\"color:#6d6e71;\"><span>%<\/span><label class=\"counter-75145812\">1<\/label><\/div><div class=\"progress-content\"><div class=\"title\" style=\"color:#6d6e71;\">Wska\u017anik reklamacji<\/div><div id=\"progress-wrap-75145812\" class=\"progress-wrap progress\" data-progress-percent=\"1\">\r\n\t\t\t\t\t\t\t\t\t\t<div id=\"progress-bar-75145812\" class=\"progress-bar progress\" style=\"background-color:#e4e4e4;\" style=\"left: 0;\"><\/div>\r\n\t\t\t\t\t\t\t\t\t<\/div><\/div><\/div><script>\t\t\t\t\t\t\t\r\n\t\t\t\t\t\t\tjQuery(document).ready(function($){\t\t\t\t\t\t\r\n\t\t\t\t\t\t\t\tvar progressBar = function() {\r\n\t\t\t\t\t\t\t\t\tvar percent = $('#progress-wrap-75145812').attr('data-progress-percent');\r\n\t\t\t\t\t\t\t\t\t$('#progress-bar-75145812').animate({\r\n\t\t\t\t\t\t\t\t\t\tleft: percent + '%'\r\n\t\t\t\t\t\t\t\t\t}, 3500);\r\n\t\t\t\t\t\t\t\t}\r\n\t\t\t\t\t\t\t\t$('#progress-bar-75145812').waypoint(progressBar, { offset: '100%', triggerOnce: true });\r\n\r\n\t\t\t\t\t\t\t\t$('.counter-75145812').counterUp({\r\n\t\t\t\t\t\t\t\t\tdelay: 10,\r\n\t\t\t\t\t\t\t\t\ttime: 2500\r\n\t\t\t\t\t\t\t\t});\r\n\t\t\t\t\t\t\t});\r\n\t\t\t\t\t\t<\/script>[\/vc_column_inner][\/vc_row_inner][vc_row_inner css=&#8221;.vc_custom_1461062100206{margin-bottom: 0px !important;}&#8221;][vc_column_inner el_class=&#8221;mobile-no-margin&#8221; width=&#8221;1\/2&#8243; css=&#8221;.vc_custom_1461062551078{margin-bottom: 46px !important;}&#8221;]<div class=\"perada-progress-bar progressv2\"><div class=\"percent\" style=\"color:#6d6e71;\"><span>%<\/span><label class=\"counter-8603207217\">99<\/label><\/div><div class=\"progress-content\"><div class=\"title\" style=\"color:#6d6e71;\">Obs\u0142ugiwane j\u0119zyki europejskie<\/div><div id=\"progress-wrap-8603207217\" class=\"progress-wrap progress\" data-progress-percent=\"99\">\r\n\t\t\t\t\t\t\t\t\t\t<div id=\"progress-bar-8603207217\" class=\"progress-bar progress\" style=\"background-color:#e4e4e4;\" style=\"left: 0;\"><\/div>\r\n\t\t\t\t\t\t\t\t\t<\/div><\/div><\/div><script>\t\t\t\t\t\t\t\r\n\t\t\t\t\t\t\tjQuery(document).ready(function($){\t\t\t\t\t\t\r\n\t\t\t\t\t\t\t\tvar progressBar = function() {\r\n\t\t\t\t\t\t\t\t\tvar percent = $('#progress-wrap-8603207217').attr('data-progress-percent');\r\n\t\t\t\t\t\t\t\t\t$('#progress-bar-8603207217').animate({\r\n\t\t\t\t\t\t\t\t\t\tleft: percent + '%'\r\n\t\t\t\t\t\t\t\t\t}, 3500);\r\n\t\t\t\t\t\t\t\t}\r\n\t\t\t\t\t\t\t\t$('#progress-bar-8603207217').waypoint(progressBar, { offset: '100%', triggerOnce: true });\r\n\r\n\t\t\t\t\t\t\t\t$('.counter-8603207217').counterUp({\r\n\t\t\t\t\t\t\t\t\tdelay: 10,\r\n\t\t\t\t\t\t\t\t\ttime: 2500\r\n\t\t\t\t\t\t\t\t});\r\n\t\t\t\t\t\t\t});\r\n\t\t\t\t\t\t<\/script>[\/vc_column_inner][vc_column_inner el_class=&#8221;mobile-no-margin&#8221; width=&#8221;1\/2&#8243; css=&#8221;.vc_custom_1461062554301{margin-bottom: 46px !important;}&#8221;]<div class=\"perada-progress-bar progressv2\"><div class=\"percent\" style=\"color:#6d6e71;\"><span>%<\/span><label class=\"counter-2386280910\">78<\/label><\/div><div class=\"progress-content\"><div class=\"title\" style=\"color:#6d6e71;\">Klienci wsp\u00f3\u0142pracuj\u0105cy powy\u017cej 5 lat<\/div><div id=\"progress-wrap-2386280910\" class=\"progress-wrap progress\" data-progress-percent=\"78\">\r\n\t\t\t\t\t\t\t\t\t\t<div id=\"progress-bar-2386280910\" class=\"progress-bar progress\" style=\"background-color:#e4e4e4;\" style=\"left: 0;\"><\/div>\r\n\t\t\t\t\t\t\t\t\t<\/div><\/div><\/div><script>\t\t\t\t\t\t\t\r\n\t\t\t\t\t\t\tjQuery(document).ready(function($){\t\t\t\t\t\t\r\n\t\t\t\t\t\t\t\tvar progressBar = function() {\r\n\t\t\t\t\t\t\t\t\tvar percent = $('#progress-wrap-2386280910').attr('data-progress-percent');\r\n\t\t\t\t\t\t\t\t\t$('#progress-bar-2386280910').animate({\r\n\t\t\t\t\t\t\t\t\t\tleft: percent + '%'\r\n\t\t\t\t\t\t\t\t\t}, 3500);\r\n\t\t\t\t\t\t\t\t}\r\n\t\t\t\t\t\t\t\t$('#progress-bar-2386280910').waypoint(progressBar, { offset: '100%', triggerOnce: true });\r\n\r\n\t\t\t\t\t\t\t\t$('.counter-2386280910').counterUp({\r\n\t\t\t\t\t\t\t\t\tdelay: 10,\r\n\t\t\t\t\t\t\t\t\ttime: 2500\r\n\t\t\t\t\t\t\t\t});\r\n\t\t\t\t\t\t\t});\r\n\t\t\t\t\t\t<\/script>[\/vc_column_inner][\/vc_row_inner][\/vc_column][\/vc_row][vc_row el_class=&#8221;container animate anim-fadeIn&#8221; css=&#8221;.vc_custom_1456230955925{padding-top: 58px !important;padding-right: 0px !important;padding-bottom: 60px !important;padding-left: 0px !important;}&#8221;][vc_column][vc_row_inner css=&#8221;.vc_custom_1455634466049{margin-bottom: 5px !important;}&#8221;][vc_column_inner]<div class=\"content-widget-title \"><div class=\"content-title-text\"><h3>team<\/h3><\/div><\/div>[\/vc_column_inner][\/vc_row_inner]<div class=\"team-widget team-widget-grid\"><div class=\"row\"><div class=\"col-sm-3 col-xs-12\"><div class=\"team-widget-item\"><div class=\"image\"><a href=\"https:\/\/tlumaczymyonline.pl\/?perada_team=najlepszy-wybor\" title=\"Najlepszy wyb\u00f3r\"><img src=\"https:\/\/tlumaczymyonline.pl\/wp-content\/uploads\/2016\/02\/Eva-Laura-Bella.jpg\" alt=\"Najlepszy wyb\u00f3r\" \/><\/a><\/div>\r\n\t\t\t\t\t\t<div class=\"content\"><h4>Najlepszy wyb\u00f3r<\/h4><h3>Czyli - dlaczego my<\/h3><div class=\"excerpt\"><p>Zle\u0107 t\u0142umaczenie t\u0142umaczom. Jako zesp\u00f3\u0142 zapewniamy szybki kontakt, realizacj\u0119 na najwy\u017cszym poziomie, odpowiedni\u0105 odpowied\u017a na Pa\u0144stwa potrzeby. Darmowa wycena, darmowa oferta. Wszystko maksymalnie w ci\u0105gu 20 minut od zg\u0142oszenia zapytania. Sprawd\u017a nas!<\/p><\/div><\/div>\r\n\t\t\t\t\t<\/div><\/div><div class=\"col-sm-3 col-xs-12\"><div class=\"team-widget-item\"><div class=\"image\"><a href=\"https:\/\/tlumaczymyonline.pl\/?perada_team=jackie-woolf\" title=\"Solidno\u015b\u0107 od 12 lat\"><img src=\"https:\/\/tlumaczymyonline.pl\/wp-content\/uploads\/2016\/02\/Jackie-Woolf-452x503.jpg\" alt=\"Solidno\u015b\u0107 od 12 lat\" \/><\/a><\/div>\r\n\t\t\t\t\t\t<div class=\"content\"><h4>Solidno\u015b\u0107 od 12 lat<\/h4><h3>Zawsze szukaj\u0105c nowego<\/h3><div class=\"excerpt\"><p>Chcemy jeszcze wi\u0119cej. Po 12 lat pe\u0142nej sukces\u00f3w dzia\u0142alno\u015bci ka\u017cdego roku staramy si\u0119 zaczyna\u0107 od nowa i zachowywa\u0107 otwarto\u015b\u0107, pozwalaj\u0105c\u0105 na korzystanie z nowoczesnych rozwi\u0105za\u0144. To wszystko dla Pa\u0144stwa.<\/p><\/div><\/div>\r\n\t\t\t\t\t<\/div><\/div><div class=\"col-sm-3 col-xs-12\"><div class=\"team-widget-item\"><div class=\"image\"><a href=\"https:\/\/tlumaczymyonline.pl\/?perada_team=barbara-svetlana\" title=\"Profesjonalny outsourcing\"><img src=\"https:\/\/tlumaczymyonline.pl\/wp-content\/uploads\/2016\/02\/fff-452x503.jpg\" alt=\"Profesjonalny outsourcing\" \/><\/a><\/div>\r\n\t\t\t\t\t\t<div class=\"content\"><h4>Profesjonalny outsourcing<\/h4><h3>Najlepszy podywkonawca<\/h3><div class=\"excerpt\"><p>Warto si\u0119 na nas zda\u0107. Outsourcing to coraz cz\u0119stsze zjawisko, powoduj\u0105ce powstawanie zupe\u0142nie nowych oczekiwa\u0144 i wymaga\u0144.  Kwestie poufno\u015bci, profesjonalizmu s\u0105 dla nas bardzo wa\u017cne. Z klientami podpisujemy umowy o zachowaniu poufno\u015bci, zobowi\u0105zuj\u0105c si\u0119 do zapewnienia najwy\u017cszej jako\u015bci. Wszystko dla Pa\u0144stwa.<\/p><\/div><\/div>\r\n\t\t\t\t\t<\/div><\/div><div class=\"col-sm-3 col-xs-12\"><div class=\"team-widget-item\"><div class=\"image\"><a href=\"https:\/\/tlumaczymyonline.pl\/?perada_team=gerard-manfries\" title=\"Jako\u015b\u0107, kt\u00f3rej szukasz\"><img src=\"https:\/\/tlumaczymyonline.pl\/wp-content\/uploads\/2016\/02\/Gerard-Manfries-452x503.jpg\" alt=\"Jako\u015b\u0107, kt\u00f3rej szukasz\" \/><\/a><\/div>\r\n\t\t\t\t\t\t<div class=\"content\"><h4>Jako\u015b\u0107, kt\u00f3rej szukasz<\/h4><h3>Zawsze najlepsi<\/h3><div class=\"excerpt\"><p>Jako\u015b\u0107 t\u0142umacze\u0144 jest bardzo istotna. Mimo \u017ce automatyzacja t\u0142umacze\u0144 stale post\u0119puje do przodu nie da si\u0119 nadal przygotowa\u0107 t\u0142umaczenia na wysokim poziomie bez udzia\u0142u profesjonalnych t\u0142umaczy. Zapewniamy zgodno\u015b\u0107 z normami i najwy\u017csz\u0105 jako\u015b\u0107. Zapraszamy do wsp\u00f3\u0142pracy<\/p><\/div><\/div>\r\n\t\t\t\t\t<\/div><\/div><\/div><\/div>[\/vc_column][\/vc_row][vc_row full_width=&#8221;stretch_row_content&#8221; css=&#8221;.vc_custom_1455634824691{padding-top: 6px !important;padding-bottom: 40px !important;background-color: #ffba00 !important;}&#8221;][vc_column][vc_row_inner el_class=&#8221;container&#8221; css=&#8221;.vc_custom_1455634887292{padding-right: 0px !important;padding-left: 0px !important;}&#8221;][vc_column_inner]<div class=\"clients-widget\"><div class=\"owl-carousel-clients-66015648\"><div class=\"item\"><a href=\"#\" title=\"Client\" ><img src=\"https:\/\/tlumaczymyonline.pl\/wp-content\/uploads\/2018\/04\/2nfz.png\" alt=\"Client\" \/><\/a><\/div><div class=\"item\"><a href=\"#\" title=\"Client\" ><img src=\"https:\/\/tlumaczymyonline.pl\/wp-content\/uploads\/2018\/04\/2pocyta.png\" alt=\"Client\" \/><\/a><\/div><div class=\"item\"><a href=\"#\" title=\"Client\" ><img src=\"https:\/\/tlumaczymyonline.pl\/wp-content\/uploads\/2018\/04\/samsung.png\" alt=\"Client\" \/><\/a><\/div><div class=\"item\"><a href=\"#\" title=\"Client\" ><img src=\"https:\/\/tlumaczymyonline.pl\/wp-content\/uploads\/2018\/04\/pkp.png\" alt=\"Client\" \/><\/a><\/div><div class=\"item\"><a href=\"#\" title=\"Client\" ><img src=\"https:\/\/tlumaczymyonline.pl\/wp-content\/uploads\/2016\/02\/ref5.png\" alt=\"Client\" \/><\/a><\/div><div class=\"item\"><a href=\"#\" title=\"Client\" ><img src=\"https:\/\/tlumaczymyonline.pl\/wp-content\/uploads\/2016\/02\/ref6.png\" alt=\"Client\" \/><\/a><\/div><\/div><\/div><script>\r\n\t\t\t\t\t\t\tjQuery(document).ready(function($){\r\n\t\t\t\t\t\t\t\t$('.owl-carousel-clients-66015648').owlCarousel({\r\n\t\t\t\t\t\t\t\t\tloop:true,\r\n\t\t\t\t\t\t\t\t\tnav:false,\r\n\t\t\t\t\t\t\t\t\tmargin:80,\r\n\t\t\t\t\t\t\t\t\tdots:false,\r\n\t\t\t\t\t\t\t\t\tautoWidth:true,\r\n\t\t\t\t\t\t\t\t\tresponsive:{\r\n\t\t\t\t\t\t\t\t\t\t0:{\r\n\t\t\t\t\t\t\t\t\t\t\titems:2,\r\n\t\t\t\t\t\t\t\t\t\t},\r\n\t\t\t\t\t\t\t\t\t\t768:{\r\n\t\t\t\t\t\t\t\t\t\t\titems:6,\r\n\t\t\t\t\t\t\t\t\t\t},\r\n\t\t\t\t\t\t\t\t\t}\r\n\t\t\t\t\t\t\t\t});\r\n\t\t\t\t\t\t\t});\r\n\t\t\t\t\t\t<\/script>[\/vc_column_inner][\/vc_row_inner][\/vc_column][\/vc_row][vc_row][vc_column][\/vc_column][\/vc_row]<\/p>\n","protected":false},"excerpt":{"rendered":"<p>Learn about our mission and vision.<\/p>\n","protected":false},"author":1,"featured_media":315,"parent":0,"menu_order":0,"comment_status":"closed","ping_status":"closed","template":"","meta":[],"_links":{"self":[{"href":"https:\/\/tlumaczymyonline.pl\/index.php?rest_route=\/wp\/v2\/pages\/302"}],"collection":[{"href":"https:\/\/tlumaczymyonline.pl\/index.php?rest_route=\/wp\/v2\/pages"}],"about":[{"href":"https:\/\/tlumaczymyonline.pl\/index.php?rest_route=\/wp\/v2\/types\/page"}],"author":[{"embeddable":true,"href":"https:\/\/tlumaczymyonline.pl\/index.php?rest_route=\/wp\/v2\/users\/1"}],"replies":[{"embeddable":true,"href":"https:\/\/tlumaczymyonline.pl\/index.php?rest_route=%2Fwp%2Fv2%2Fcomments&post=302"}],"version-history":[{"count":9,"href":"https:\/\/tlumaczymyonline.pl\/index.php?rest_route=\/wp\/v2\/pages\/302\/revisions"}],"predecessor-version":[{"id":1347,"href":"https:\/\/tlumaczymyonline.pl\/index.php?rest_route=\/wp\/v2\/pages\/302\/revisions\/1347"}],"wp:featuredmedia":[{"embeddable":true,"href":"https:\/\/tlumaczymyonline.pl\/index.php?rest_route=\/wp\/v2\/media\/315"}],"wp:attachment":[{"href":"https:\/\/tlumaczymyonline.pl\/index.php?rest_route=%2Fwp%2Fv2%2Fmedia&parent=302"}],"curies":[{"name":"wp","href":"https:\/\/api.w.org\/{rel}","templated":true}]}}