{"id":309,"date":"2016-02-15T16:49:38","date_gmt":"2016-02-15T16:49:38","guid":{"rendered":"http:\/\/gloriatheme.com\/demo\/wp\/perada\/?page_id=309"},"modified":"2018-04-08T18:46:22","modified_gmt":"2018-04-08T18:46:22","slug":"services","status":"publish","type":"page","link":"https:\/\/tlumaczymyonline.pl\/?page_id=309","title":{"rendered":"Zakres us\u0142ug"},"content":{"rendered":"<p>[vc_row equal_height=&#8221;yes&#8221; el_class=&#8221;container&#8221; css=&#8221;.vc_custom_1455898762446{padding-top: 0px !important;padding-right: 0px !important;padding-left: 0px !important;}&#8221;][vc_column][vc_row_inner el_class=&#8221;container&#8221; css=&#8221;.vc_custom_1459457707695{margin-bottom: 18px !important;padding-right: 0px !important;padding-left: 0px !important;}&#8221;][vc_column_inner css=&#8221;.vc_custom_1455899137422{margin-right: 30px !important;}&#8221;][vc_custom_heading text=&#8221;Oferowany zakres us\u0142ug&#8221; font_container=&#8221;tag:h2|font_size:45|text_align:left|color:%236d6e71&#8243; use_theme_fonts=&#8221;yes&#8221; css=&#8221;.vc_custom_1520795235381{margin-top: 0px !important;margin-bottom: 20px !important;}&#8221; el_class=&#8221;normalfont&#8221;][vc_column_text]Dzisiaj t\u0142umaczenie stanowi zaledwie pocz\u0105tek. Poza tym, \u017ce t\u0142umaczymy, edytujemy tak\u017ce dokumentacj\u0119, przygotowujemy nieedytowalne pliki do t\u0142umaczenia, materia\u0142 do druku. Sam proces t\u0142umaczenia umo\u017cliwia obecnie nie tylko przetwarzanie samych dokument\u00f3w ale tak\u017ce dob\u00f3r odpowiedniego s\u0142ownictwa, uwzgl\u0119dnienie powt\u00f3rek, ujednolicenie dokument\u00f3w.[\/vc_column_text][\/vc_column_inner][\/vc_row_inner][vc_row_inner css=&#8221;.vc_custom_1459457756031{margin-bottom: 50px !important;padding-right: 0px !important;padding-left: 0px !important;}&#8221; el_class=&#8221;container&#8221;][vc_column_inner el_class=&#8221;animate anim-fadeIn animate-delay-0&#8243; width=&#8221;1\/4&#8243; css=&#8221;.vc_custom_1459458003033{padding-right: 20px !important;padding-left: 20px !important;}&#8221;]<div class=\"services-box services-box-big \"><div class=\"services-box-icon\"><i class=\"fa fa-stop-circle-o\"><\/i><\/div><h3>Poufno\u015b\u0107<\/h3><p style=\"color:#525252;\">Zobowi\u0105zujemy si\u0119 do pe\u0142nej poufno\u015bci. Pa\u0144stwa dokumenty s\u0105 zawsze bezpieczne.<\/p><\/div>[\/vc_column_inner][vc_column_inner el_class=&#8221;animate anim-fadeIn animate-delay-0-50&#8243; width=&#8221;1\/4&#8243; css=&#8221;.vc_custom_1459458013609{padding-right: 20px !important;padding-left: 20px !important;}&#8221;]<div class=\"services-box services-box-big \"><div class=\"services-box-icon\"><i class=\"fa fa-stop-circle-o\"><\/i><\/div><h3>Jako\u015b\u0107<\/h3><p style=\"color:#525252;\">Ca\u0142o\u015b\u0107 procesu t\u0142umaczenia zgodnie z obowi\u0105zuj\u0105cymi normami.<\/p><\/div>[\/vc_column_inner][vc_column_inner el_class=&#8221;animate anim-fadeIn animate-delay-0-75&#8243; width=&#8221;1\/4&#8243; css=&#8221;.vc_custom_1459458081398{padding-right: 20px !important;padding-left: 20px !important;}&#8221;]<div class=\"services-box services-box-big \"><div class=\"services-box-icon\"><i class=\"fa fa-book\"><\/i><\/div><h3>Szeroka oferta<\/h3><p style=\"color:#525252;\">Ustne i pisemne, zwyk\u0142e i przysi\u0119g\u0142e. Sprawd\u017a sam.<\/p><\/div>[\/vc_column_inner][vc_column_inner el_class=&#8221;animate anim-fadeIn animate-delay-1&#8243; width=&#8221;1\/4&#8243; css=&#8221;.vc_custom_1459458086238{padding-right: 20px !important;padding-left: 20px !important;}&#8221;]<div class=\"services-box services-box-big \"><div class=\"services-box-icon\"><i class=\"fa fa-book\"><\/i><\/div><h3>Ceny<\/h3><p style=\"color:#525252;\">Korzystne ceny dostosowane do Pa\u0144stwa mo\u017cliwo\u015bci.<\/p><\/div>[\/vc_column_inner][\/vc_row_inner][vc_row_inner el_class=&#8221;container&#8221; css=&#8221;.vc_custom_1455655680669{padding-right: 0px !important;padding-left: 0px !important;}&#8221;][vc_column_inner css=&#8221;.vc_custom_1455899137422{margin-right: 30px !important;}&#8221;][vc_column_text]Wi\u0119kszo\u015b\u0107 naszych klient\u00f3w pracuje z nami d\u0142u\u017cej ni\u017c 5 lat a 37% z nich powy\u017cej 10 lat. To bardzo d\u0142ugi czas pozwalaj\u0105cy na wzajemne poznanie si\u0119 i dostosowanie wsp\u00f3\u0142pracy. D\u0142ugofalowa wsp\u00f3\u0142praca to jeszcze szybciej przygotowane t\u0142umaczenia, s\u0142ownictwo zgodne z Pa\u0144stwa oczekiwaniami, pewno\u015b\u0107 je\u015bli chodzi o jako\u015b\u0107 wykonania.[\/vc_column_text][\/vc_column_inner][\/vc_row_inner][\/vc_column][\/vc_row][vc_row][vc_column][vc_separator color=&#8221;custom&#8221; accent_color=&#8221;#e1e1e1&#8243; css=&#8221;.vc_custom_1455899573525{margin-top: 25px !important;margin-bottom: 22px !important;}&#8221;][\/vc_column][\/vc_row][vc_row full_width=&#8221;stretch_row_content&#8221; equal_height=&#8221;yes&#8221; css=&#8221;.vc_custom_1456077841130{border-top-width: 1px !important;padding-bottom: 20px !important;border-top-color: #e1e1e1 !important;}&#8221;][vc_column][vc_row_inner equal_height=&#8221;yes&#8221; content_placement=&#8221;bottom&#8221; el_class=&#8221;container&#8221; css=&#8221;.vc_custom_1461064102073{padding-right: 0px !important;padding-left: 0px !important;}&#8221;][vc_column_inner width=&#8221;1\/2&#8243; css=&#8221;.vc_custom_1461064572837{background-position: center !important;background-repeat: no-repeat !important;background-size: contain !important;}&#8221; offset=&#8221;vc_hidden-xs&#8221;][vc_single_image image=&#8221;930&#8243; img_size=&#8221;full&#8221; alignment=&#8221;right&#8221; css=&#8221;.vc_custom_1461064473053{margin-top: -6px !important;margin-bottom: -20px !important;margin-left: -51px !important;}&#8221;][\/vc_column_inner][vc_column_inner width=&#8221;1\/2&#8243;][vc_custom_heading text=&#8221;Wszystkie j\u0119zyki&#8221; font_container=&#8221;tag:h3|font_size:45|text_align:left|color:%236d6e71&#8243; use_theme_fonts=&#8221;yes&#8221; css=&#8221;.vc_custom_1520795787424{margin-top: 0px !important;margin-bottom: 12px !important;}&#8221; el_class=&#8221;normalfont&#8221;][vc_custom_heading text=&#8221;Staramy si\u0119 obs\u0142ugiwa\u0107 wszystkie j\u0119zyki o jakie nas Pa\u0144stwo zapytacie. Dlatego warto skontaktowa\u0107 si\u0119 z nami i przes\u0142a\u0107 materia\u0142 do darmowej wyceny.&#8221; font_container=&#8221;tag:p|font_size:17|text_align:left|color:%236d6e71&#8243; use_theme_fonts=&#8221;yes&#8221; css=&#8221;.vc_custom_1520795825782{margin-top: 0px !important;margin-bottom: 39px !important;}&#8221;]<div class=\"services-box services-box-small animate anim-fadeInUp animate-delay-0\"><div class=\"services-box-icon\"><i class=\"fa fa-paper-plane-o\"><\/i><\/div><div class=\"services-box-texts\"><h3>Szybka obs\u0142uga<\/h3><p>Darmowa wycena, przesy\u0142ana do Pa\u0144stwa do 20 minut.<\/p><\/div><\/div>[vc_separator color=&#8221;white&#8221; css=&#8221;.vc_custom_1455658219377{margin-bottom: 34px !important;}&#8221;]<div class=\"services-box services-box-small animate anim-fadeInUp animate-delay-0-50\"><div class=\"services-box-icon\"><i class=\"fa fa-repeat\"><\/i><\/div><div class=\"services-box-texts\"><h3>Konkurencyjne ceny<\/h3><p>Oferujemy zawsze korzystne ceny. Ju\u017c od 24-26 PLN netto za stron\u0119 rozliczeniow\u0105.<\/p><\/div><\/div>[vc_separator color=&#8221;white&#8221; css=&#8221;.vc_custom_1455658219377{margin-bottom: 34px !important;}&#8221;]<div class=\"services-box services-box-small animate anim-fadeInUp animate-delay-1\"><div class=\"services-box-icon\"><i class=\"fa fa-thumbs-o-up\"><\/i><\/div><div class=\"services-box-texts\"><h3>Niezawodno\u015b\u0107<\/h3><p>Terminy i form\u0119 t\u0142umaczenia uzgadniamy wsp\u00f3lnie. W ramach wzajemnego porozumienia zapewniamy wszystko, czego Pa\u0144stwo poszukujecie.<\/p><\/div><\/div>[vc_separator color=&#8221;white&#8221; css=&#8221;.vc_custom_1455658219377{margin-bottom: 34px !important;}&#8221;][\/vc_column_inner][\/vc_row_inner][\/vc_column][\/vc_row][vc_row parallax=&#8221;content-moving&#8221; parallax_speed_bg=&#8221;2&#8243; css=&#8221;.vc_custom_1455712658267{padding-bottom: 37px !important;background-image: url(http:\/\/gloriatheme.com\/demo\/wp\/perada\/wp-content\/uploads\/2016\/02\/services-blockquote-bg.jpg?id=509) !important;background-position: center;background-repeat: no-repeat !important;background-size: cover !important;}&#8221; el_class=&#8221;bgfixed&#8221;][vc_column]<div class=\"testimonial-single\"><div class=\"icon\" style=\"color:#ffba00;\"><i class=\"fa fa-quote-right testimonial-blockquote-icon\"><\/i><\/div><div class=\"testimonial-single-content\" style=\"color:#8e8e8e;\"><p>Projekty to dla nas wyzwanie. Niezale\u017cnie od tego czy s\u0105 du\u017ce czy ma\u0142e, zawsze dajemy z siebie wszystko!<\/p><\/div><div class=\"testimonial-single-name\"><span class=\"name\" style=\"color:#ffba00;\">Joanna Kwiatowska, <\/span><span class=\"company\" style=\"color:#8e8e8e;\">Senior translator<\/span><\/div><\/div>[\/vc_column][\/vc_row][vc_row el_class=&#8221;container&#8221; css=&#8221;.vc_custom_1455715463363{margin-bottom: 22px !important;padding-right: 0px !important;padding-left: 0px !important;}&#8221;][vc_column css=&#8221;.vc_custom_1455712795064{padding-top: 0px !important;padding-bottom: 0px !important;}&#8221;][vc_single_image image=&#8221;511&#8243; img_size=&#8221;full&#8221; alignment=&#8221;center&#8221; css=&#8221;.vc_custom_1456237566887{margin-top: 0px !important;margin-bottom: 48px !important;}&#8221; el_class=&#8221;animate anim-fadeIn&#8221;][vc_column_text]<\/p>\n<p style=\"text-align: center; margin-bottom: 0px; font-size: 17px;\">Witamy\u00a0 na stronie naszego biura. Tutaj uzyskaj\u0105 Pa\u0144stwo podstawowe informacje dotycz\u0105ce zakresu oferowanych przez nas us\u0142ug.<\/p>\n<p>[\/vc_column_text][vc_separator color=&#8221;custom&#8221; el_width=&#8221;10&#8243; accent_color=&#8221;#b7b7b7&#8243;][vc_column_text]Je\u015bli poszukuj\u0105 Pa\u0144stwo kompetentnego partnera- doskonale Pa\u0144stwo trafili. Zach\u0119camy do zapoznania si\u0119 z nasz\u0105 ofert\u0105 a najlepiej- do skontaktowania si\u0119 z nasz\u0105 firm\u0105 &#8211; zak\u0142adka &#8222;Kontakt&#8221;. Szybko \u0142atwo i przyjemnie- tak wygl\u0105da wsp\u00f3\u0142praca z naszym biurem. Niezale\u017cnie od pory dnia czy roku, zawsze gdy potrzebuj\u0105 Pa\u0144stwo pomocy jeste\u015bmy gotowi. Zapraszamy do wsp\u00f3\u0142pracy.[\/vc_column_text][\/vc_column][\/vc_row]<\/p>\n","protected":false},"excerpt":{"rendered":"<p>[vc_row equal_height=&#8221;yes&#8221; el_class=&#8221;container&#8221; css=&#8221;.vc_custom_1455898762446{padding-top: 0px !important;padding-right: 0px !important;padding-left: 0px !important;}&#8221;][vc_column][vc_row_inner el_class=&#8221;container&#8221; css=&#8221;.vc_custom_1459457707695{margin-bottom: 18px !important;padding-right: 0px !important;padding-left: 0px !important;}&#8221;][vc_column_inner css=&#8221;.vc_custom_1455899137422{margin-right: 30px !important;}&#8221;][vc_custom_heading text=&#8221;Oferowany zakres us\u0142ug&#8221; font_container=&#8221;tag:h2|font_size:45|text_align:left|color:%236d6e71&#8243; use_theme_fonts=&#8221;yes&#8221; css=&#8221;.vc_custom_1520795235381{margin-top: 0px !important;margin-bottom: 20px !important;}&#8221; el_class=&#8221;normalfont&#8221;][vc_column_text]Dzisiaj t\u0142umaczenie stanowi zaledwie pocz\u0105tek. Poza tym, \u017ce t\u0142umaczymy, edytujemy tak\u017ce dokumentacj\u0119, przygotowujemy nieedytowalne pliki do t\u0142umaczenia, materia\u0142 do druku. Sam proces t\u0142umaczenia umo\u017cliwia&#8230;<\/p>\n","protected":false},"author":1,"featured_media":493,"parent":0,"menu_order":0,"comment_status":"closed","ping_status":"closed","template":"","meta":[],"_links":{"self":[{"href":"https:\/\/tlumaczymyonline.pl\/index.php?rest_route=\/wp\/v2\/pages\/309"}],"collection":[{"href":"https:\/\/tlumaczymyonline.pl\/index.php?rest_route=\/wp\/v2\/pages"}],"about":[{"href":"https:\/\/tlumaczymyonline.pl\/index.php?rest_route=\/wp\/v2\/types\/page"}],"author":[{"embeddable":true,"href":"https:\/\/tlumaczymyonline.pl\/index.php?rest_route=\/wp\/v2\/users\/1"}],"replies":[{"embeddable":true,"href":"https:\/\/tlumaczymyonline.pl\/index.php?rest_route=%2Fwp%2Fv2%2Fcomments&post=309"}],"version-history":[{"count":5,"href":"https:\/\/tlumaczymyonline.pl\/index.php?rest_route=\/wp\/v2\/pages\/309\/revisions"}],"predecessor-version":[{"id":1352,"href":"https:\/\/tlumaczymyonline.pl\/index.php?rest_route=\/wp\/v2\/pages\/309\/revisions\/1352"}],"wp:featuredmedia":[{"embeddable":true,"href":"https:\/\/tlumaczymyonline.pl\/index.php?rest_route=\/wp\/v2\/media\/493"}],"wp:attachment":[{"href":"https:\/\/tlumaczymyonline.pl\/index.php?rest_route=%2Fwp%2Fv2%2Fmedia&parent=309"}],"curies":[{"name":"wp","href":"https:\/\/api.w.org\/{rel}","templated":true}]}}