{"id":554,"date":"2016-02-17T14:57:16","date_gmt":"2016-02-17T14:57:16","guid":{"rendered":"http:\/\/gloriatheme.com\/demo\/wp\/perada\/?page_id=554"},"modified":"2022-02-08T16:34:09","modified_gmt":"2022-02-08T16:34:09","slug":"contact-compact","status":"publish","type":"page","link":"https:\/\/tlumaczymyonline.pl\/?page_id=554","title":{"rendered":"Kontakt"},"content":{"rendered":"<p>[vc_row el_class=&#8221;container&#8221; css=&#8221;.vc_custom_1455725773485{margin-bottom: 18px !important;padding-right: 0px !important;padding-left: 0px !important;}&#8221;][vc_column][vc_column_text]<\/p>\n<p style=\"text-align: center; margin: 0px; font-size: 16px;\"><span style=\"color: #9a9a9a;\">Aby skontaktowa\u0107 si\u0119 z nasz\u0105 firm\u0105 skorzystaj z poni\u017cszych danych teleadresowych. Zach\u0119camy do kontaktu telefonicznego lub drog\u0105 elektroniczn\u0105 &#8211; b\u0142yskawicznie przygotujemy wycen\u0119 z podaniem konkretnych informacji.<\/span><\/p>\n<p>[\/vc_column_text][\/vc_column][\/vc_row][vc_row el_class=&#8221;container animate anim-fadeIn&#8221; css=&#8221;.vc_custom_1461073712448{padding-right: 0px !important;padding-left: 0px !important;}&#8221;][vc_column width=&#8221;1\/4&#8243; css=&#8221;.vc_custom_1461073716157{margin-bottom: 44px !important;}&#8221;][vc_custom_heading text=&#8221;Adres&#8221; font_container=&#8221;tag:h3|font_size:17|text_align:left|color:%23ffba00&#8243; use_theme_fonts=&#8221;yes&#8221; css=&#8221;.vc_custom_1495566320983{margin-top: 0px !important;margin-bottom: 23px !important;}&#8221;][vc_column_text css=&#8221;.vc_custom_1522696881545{margin-bottom: 19px !important;}&#8221;]Biuro we Wroc\u0142awiu<\/p>\n<p>ul. Powsta\u0144c\u00f3w \u015al\u0105skich 5\/702<\/p>\n<p>53-333 Wroc\u0142aw[\/vc_column_text][\/vc_column][vc_column width=&#8221;1\/4&#8243; css=&#8221;.vc_custom_1461073720227{margin-bottom: 44px !important;}&#8221;][vc_custom_heading text=&#8221;Kontakt telefoniczny&#8221; font_container=&#8221;tag:h3|font_size:17|text_align:left|color:%23ffba00&#8243; use_theme_fonts=&#8221;yes&#8221; css=&#8221;.vc_custom_1495566360765{margin-top: 0px !important;margin-bottom: 23px !important;}&#8221;][vc_column_text css=&#8221;.vc_custom_1522696200088{margin-bottom: 19px !important;}&#8221;]Kontakt z biurem 9:30-16:30<\/p>\n<p>570 365 365[\/vc_column_text][vc_column_text css=&#8221;.vc_custom_1495566399074{margin-bottom: 0px !important;}&#8221;]Kontakt ca\u0142odobowy i w sprawach pilnych<\/p>\n<p>667 715 034[\/vc_column_text][\/vc_column][vc_column width=&#8221;1\/4&#8243; css=&#8221;.vc_custom_1461073723655{margin-bottom: 44px !important;}&#8221;][vc_custom_heading text=&#8221;E- Mail&#8221; font_container=&#8221;tag:h3|font_size:17|text_align:left|color:%23ffba00&#8243; use_theme_fonts=&#8221;yes&#8221; css=&#8221;.vc_custom_1495566409946{margin-top: 0px !important;margin-bottom: 23px !important;}&#8221;][vc_column_text css=&#8221;.vc_custom_1522513455977{margin-bottom: 19px !important;}&#8221;]<\/p>\n<p style=\"margin-bottom: 0px;\"><strong>Adres kontaktowy<\/strong><br \/>\nbiuro@tlumaczymyonline.pl<\/p>\n<p>[\/vc_column_text][vc_column_text css=&#8221;.vc_custom_1522513480969{margin-bottom: 0px !important;}&#8221;]<\/p>\n<p style=\"margin-bottom: 0px;\"><strong>Prze\u015blij pliki do wyceny na adres<\/strong><br \/>\nwycena@tlumaczymyonline.pl<\/p>\n<p>[\/vc_column_text][\/vc_column][vc_column width=&#8221;1\/4&#8243; css=&#8221;.vc_custom_1461073728076{margin-bottom: 44px !important;}&#8221;][vc_custom_heading text=&#8221;Dane podmiotu&#8221; font_container=&#8221;tag:h3|font_size:17|text_align:left|color:%23ffba00&#8243; use_theme_fonts=&#8221;yes&#8221; css=&#8221;.vc_custom_1522513527333{margin-top: 0px !important;margin-bottom: 23px !important;}&#8221;][vc_column_text css=&#8221;.vc_custom_1522513548922{margin-bottom: 19px !important;}&#8221;]<\/p>\n<p style=\"margin-bottom: 0px;\">Tlumaczymyonline.pl<\/p>\n<p>Euro-translator<\/p>\n<p>NIP 8992445493[\/vc_column_text][vc_row_inner el_class=&#8221;text-right&#8221;][vc_column_inner]<div class=\"social-media-radius\"><ul><\/ul><\/div>[\/vc_column_inner][\/vc_row_inner][\/vc_column][\/vc_row][vc_row full_width=&#8221;stretch_row_content_no_spaces&#8221; css=&#8221;.vc_custom_1455722240590{margin-bottom: 0px !important;}&#8221;][vc_column][vc_row_inner el_class=&#8221;container&#8221;][vc_column_inner][vc_custom_heading text=&#8221;Google Maps&#8221; font_container=&#8221;tag:h3|font_size:17|text_align:left|color:%236d6e71&#8243; use_theme_fonts=&#8221;yes&#8221; css=&#8221;.vc_custom_1456073866677{margin-top: 28px !important;margin-bottom: 33px !important;}&#8221;][\/vc_column_inner][\/vc_row_inner][vc_gmaps link=&#8221;#E-8_JTNDaWZyYW1lJTIwc3JjJTNEJTIyaHR0cHMlM0ElMkYlMkZ3d3cuZ29vZ2xlLmNvbSUyRm1hcHMlMkZlbWJlZCUzRnBiJTNEJTIxMW0xOCUyMTFtMTIlMjExbTMlMjExZDI1MDUuNDY5MTE0OTEyNTE4OCUyMTJkMTcuMDI0MzI3MzE1MjY1NDIlMjEzZDUxLjA5OTgwNDM0ODI0NDA5JTIxMm0zJTIxMWYwJTIxMmYwJTIxM2YwJTIxM20yJTIxMWkxMDI0JTIxMmk3NjglMjE0ZjEzLjElMjEzbTMlMjExbTIlMjExczB4NDcwZmMyNmRiN2QyOGQ1MyUyNTNBMHhiNDc1MDJlZDBhZTZiMTc3JTIxMnpVRzkzYzNSaHhZUmp3N04zSU1XYWJNU0ZjMnRwWTJnZ05Td2dWM0p2WThXQ1lYYyUyMTVlMCUyMTNtMiUyMTFzcGwlMjEyc3BsJTIxNHYxNDk1NTY2MDc0MjkzJTIyJTIwd2lkdGglM0QlMjIxMDAlMjUlMjIlMjBoZWlnaHQlM0QlMjIzNTAlMjIlMjBmcmFtZWJvcmRlciUzRCUyMjAlMjIlMjBzdHlsZSUzRCUyMmJvcmRlciUzQTAlMjIlMjBhbGxvd2Z1bGxzY3JlZW4lM0UlM0MlMkZpZnJhbWUlM0U=&#8221; size=&#8221;350&#8243; el_class=&#8221;nopaddingmap&#8221; css=&#8221;.vc_custom_1495567077378{margin-bottom: 0px !important;}&#8221;][\/vc_column][\/vc_row][vc_row full_width=&#8221;stretch_row_content_no_spaces&#8221; css=&#8221;.vc_custom_1455726928386{margin-top: 0px !important;padding-top: 18px !important;padding-bottom: 55px !important;background-image: url(http:\/\/gloriatheme.com\/demo\/wp\/perada\/wp-content\/uploads\/2016\/02\/get-a-quote-bg.jpg?id=142) !important;background-position: 0 0 !important;background-repeat: no-repeat !important;}&#8221; el_class=&#8221;backgroundbottomright&#8221;][vc_column][vc_row_inner el_class=&#8221;container&#8221;][vc_column_inner][vc_custom_heading text=&#8221;Zapytanie ofertowe&#8221; font_container=&#8221;tag:h3|font_size:17|text_align:left|color:%23ffba00&#8243; use_theme_fonts=&#8221;yes&#8221; css=&#8221;.vc_custom_1495565767396{margin-top: 0px !important;margin-bottom: 21px !important;}&#8221;][vc_column_text css=&#8221;.vc_custom_1495565736727{margin-bottom: 30px !important;}&#8221;]Prosz\u0119 przes\u0142a\u0107 plik, kt\u00f3ry chc\u0105 Pa\u0144stwo przet\u0142umaczy\u0107, korzystaj\u0105c z poni\u017cszego formularza[\/vc_column_text][\/vc_column_inner][\/vc_row_inner][vc_row_inner el_class=&#8221;container&#8221;][vc_column_inner width=&#8221;2\/3&#8243;]<div role=\"form\" class=\"wpcf7\" id=\"wpcf7-f628-o1\" lang=\"en-US\" dir=\"ltr\">\n<div class=\"screen-reader-response\"><p role=\"status\" aria-live=\"polite\" aria-atomic=\"true\"><\/p> <ul><\/ul><\/div>\n<form action=\"\/index.php?rest_route=%2Fwp%2Fv2%2Fpages%2F554#wpcf7-f628-o1\" method=\"post\" class=\"wpcf7-form init\" enctype=\"multipart\/form-data\" novalidate=\"novalidate\" data-status=\"init\">\n<div style=\"display: none;\">\n<input type=\"hidden\" name=\"_wpcf7\" value=\"628\" \/>\n<input type=\"hidden\" name=\"_wpcf7_version\" value=\"5.3.2\" \/>\n<input type=\"hidden\" name=\"_wpcf7_locale\" value=\"en_US\" \/>\n<input type=\"hidden\" name=\"_wpcf7_unit_tag\" value=\"wpcf7-f628-o1\" \/>\n<input type=\"hidden\" name=\"_wpcf7_container_post\" value=\"0\" \/>\n<input type=\"hidden\" name=\"_wpcf7_posted_data_hash\" value=\"\" \/>\n<\/div>\n<div class=\"getaquote\">\n<div class=\"row\">\n<div class=\"col-sm-6 col-xs-12 formrow\">\n<div class=\"form-group\">\n<span class=\"wpcf7-form-control-wrap your-name\"><input type=\"text\" name=\"your-name\" value=\"\" size=\"40\" class=\"wpcf7-form-control wpcf7-text wpcf7-validates-as-required\" aria-required=\"true\" aria-invalid=\"false\" placeholder=\"NAZWISKO\/NAZWA\" \/><\/span>\n<\/div>\n<\/div>\n<div class=\"col-sm-6 col-xs-12\">\n<div class=\"form-group\">\n<span class=\"wpcf7-form-control-wrap your-email\"><input type=\"email\" name=\"your-email\" value=\"\" size=\"40\" class=\"wpcf7-form-control wpcf7-text wpcf7-email wpcf7-validates-as-required wpcf7-validates-as-email\" aria-required=\"true\" aria-invalid=\"false\" placeholder=\"E-MAIL\" \/><\/span>\n<\/div>\n<\/div>\n<div class=\"col-sm-6 col-xs-12 formrow\">\n<div class=\"form-group\">\n<span class=\"wpcf7-form-control-wrap pick-source-language\"><input type=\"text\" name=\"pick-source-language\" value=\"\" size=\"40\" class=\"wpcf7-form-control wpcf7-text wpcf7-validates-as-required\" aria-required=\"true\" aria-invalid=\"false\" placeholder=\"J\u0118ZYK \u0179R\u00d3D\u0141OWY\" \/><\/span>\n<\/div>\n<\/div>\n<div class=\"col-sm-6 col-xs-12\">\n<div class=\"form-group\">\n<span class=\"wpcf7-form-control-wrap target-language\"><input type=\"text\" name=\"target-language\" value=\"\" size=\"40\" class=\"wpcf7-form-control wpcf7-text wpcf7-validates-as-required\" aria-required=\"true\" aria-invalid=\"false\" placeholder=\"J\u0118ZYK DOCELOWY\" \/><\/span>\n<\/div>\n<\/div>\n<div class=\"col-xs-12\">\n<div class=\"form-group\">\n<div class=\"file\">\n<span class=\"wpcf7-form-control-wrap file-544\"><input type=\"file\" name=\"file-544\" size=\"40\" class=\"wpcf7-form-control wpcf7-file wpcf7-validates-as-required fileuploadfield\" id=\"fileuploadfield\" accept=\".jpg,.jpeg,.png,.gif,.pdf,.doc,.docx,.ppt,.pptx,.odt,.avi,.ogg,.m4a,.mov,.mp3,.mp4,.mpg,.wav,.wmv\" aria-required=\"true\" aria-invalid=\"false\" \/><\/span>\n<\/div>\n<\/div>\n<\/div>\n<div class=\"col-xs-12\">\n<div class=\"form-group\">\n<span class=\"wpcf7-form-control-wrap your-message\"><textarea name=\"your-message\" cols=\"40\" rows=\"3\" class=\"wpcf7-form-control wpcf7-textarea\" aria-invalid=\"false\" placeholder=\"OPIS\"><\/textarea><\/span>\n<\/div>\n<\/div>\n<\/div>\n<p><input type=\"submit\" value=\"ZAM\u00d3W BEZP\u0141ATN\u0104 OFERT\u0118\" class=\"wpcf7-form-control wpcf7-submit alternative-button\" \/>\n<\/p><\/div>\n<div class=\"wpcf7-response-output\" aria-hidden=\"true\"><\/div><\/form><\/div>[\/vc_column_inner][vc_column_inner width=&#8221;1\/3&#8243;][\/vc_column_inner][\/vc_row_inner][\/vc_column][\/vc_row]<\/p>\n","protected":false},"excerpt":{"rendered":"<p>Our contact information can be accessed from this page.<\/p>\n","protected":false},"author":1,"featured_media":493,"parent":0,"menu_order":0,"comment_status":"closed","ping_status":"closed","template":"","meta":[],"_links":{"self":[{"href":"https:\/\/tlumaczymyonline.pl\/index.php?rest_route=\/wp\/v2\/pages\/554"}],"collection":[{"href":"https:\/\/tlumaczymyonline.pl\/index.php?rest_route=\/wp\/v2\/pages"}],"about":[{"href":"https:\/\/tlumaczymyonline.pl\/index.php?rest_route=\/wp\/v2\/types\/page"}],"author":[{"embeddable":true,"href":"https:\/\/tlumaczymyonline.pl\/index.php?rest_route=\/wp\/v2\/users\/1"}],"replies":[{"embeddable":true,"href":"https:\/\/tlumaczymyonline.pl\/index.php?rest_route=%2Fwp%2Fv2%2Fcomments&post=554"}],"version-history":[{"count":8,"href":"https:\/\/tlumaczymyonline.pl\/index.php?rest_route=\/wp\/v2\/pages\/554\/revisions"}],"predecessor-version":[{"id":1390,"href":"https:\/\/tlumaczymyonline.pl\/index.php?rest_route=\/wp\/v2\/pages\/554\/revisions\/1390"}],"wp:featuredmedia":[{"embeddable":true,"href":"https:\/\/tlumaczymyonline.pl\/index.php?rest_route=\/wp\/v2\/media\/493"}],"wp:attachment":[{"href":"https:\/\/tlumaczymyonline.pl\/index.php?rest_route=%2Fwp%2Fv2%2Fmedia&parent=554"}],"curies":[{"name":"wp","href":"https:\/\/api.w.org\/{rel}","templated":true}]}}